{"id":20110,"date":"2023-02-02T15:42:38","date_gmt":"2023-02-02T14:42:38","guid":{"rendered":"https:\/\/www.itspy.cz\/?page_id=20110"},"modified":"2023-02-02T15:52:03","modified_gmt":"2023-02-02T14:52:03","slug":"suhlas-so-spracovanim-osobnych-udajov","status":"publish","type":"page","link":"https:\/\/www.itspy.cz\/sk\/suhlas-so-spracovanim-osobnych-udajov\/","title":{"rendered":"S\u00fahlas so spracovan\u00edm osobn\u00fdch \u00fadajov"},"content":{"rendered":"\n<p>pod\u013ea \u010dl\u00e1nku 6 ods. 1. p\u00edsm. a) a \u010dl\u00e1nku 7 nariadenia Eur\u00f3pskeho parlamentu a Rady (E\u00da) 2016\/679 z 27. apr\u00edla 2016 o ochrane fyzick\u00fdch os\u00f4b pri sprac\u00favan\u00ed osobn\u00fdch \u00fadajov a vo\u013enom pohybe tak\u00fdch \u00fadajov, ktor\u00fdm sa ru\u0161\u00ed smernica 95\/46\/ES (v\u0161eobecn\u00e9 nariadenie o ochrane \u00fadajov) ) (\u010falej tie\u017e \u201e <strong>GDPR <\/strong>\u201c)<\/p>\n\n\n\n<p><strong>ODKLIKNUT\u00cdM TEJTO POLO\u017dKY AKO FYZICK\u00c1 OSOBA IDENTIFIKOVAN\u00c1 V TOMTO ELEKTRONICKOM FORMUL\u00c1RI (\u010falej tie\u017e ako \u201eSubjekt \u00fadajov\u201c) UDE\u013dUJEM <u>S\u00daHLAS<\/u><\/strong><\/p>\n\n\n\n<p>spolo\u010dnosti Profinit EU, s.r.o, I\u010cO: 044 34 081, so s\u00eddlom Tychonova 270\/2, Hrad\u010dany, 160 00 Praha 6, zap\u00edsan\u00e9 v obchodnom registri vedenom Mestsk\u00fdm s\u00fadom v Prahe pod sp. zn. C 247646 (\u010falej tie\u017e \u201e <strong>Spr\u00e1vca 1 <\/strong>\u201c);<\/p>\n\n\n\n<p>spolo\u010dnosti Techlake, s.r.o, I\u010cO: 096 58 645, so s\u00eddlom Tychonova 270\/2, Hrad\u010dany, 160 00 Praha 6, zap\u00edsan\u00e9 v obchodnom registri vedenom Mestsk\u00fdm s\u00fadom v Prahe pod sp. zn. C 339883 (\u010falej tie\u017e \u201e <strong>Spr\u00e1vca 2 <\/strong>\u201c); a<\/p>\n\n\n\n<p>spolo\u010dnosti Profinit Slovakia, s.r.o., I\u010cO: 36 617 521, so s\u00eddlom Kukuri\u010dn\u00e1 163\/1, 831 03 Bratislava-Nov\u00e9 Mesto, Slovensko, zap\u00edsan\u00e9 v obchodnom registri Okresn\u00e9ho s\u00fadu Bratislava I, oddiel: Sro, vlo\u017eka \u010d\u00edslo: 41367\/B (\u010falej tie\u017e \u201e <strong>Spr\u00e1vca 3 <\/strong>\u201c a so Spr\u00e1vcom 1 a Spr\u00e1vcom 2 \u010falej spolo\u010dne tie\u017e \u201e <strong>Spr\u00e1vcovia <\/strong>\u201c a ka\u017ed\u00fd z nich samostatne ako \u201e <strong>Spr\u00e1vca <\/strong>\u201c);<\/p>\n\n\n\n<p><strong>aby ma zaradili do datab\u00e1zy uch\u00e1dza\u010dov o zamestnanie u Spr\u00e1vcov alebo o in\u00fa formu spolupr\u00e1ce so Spr\u00e1vcami ( <\/strong>\u010falej tie\u017e <strong>\u201eDatab\u00e1za\u201c) <\/strong>a v tej s\u00favislosti,<\/p>\n\n\n\n<p><strong>aby za \u00fa\u010delom <\/strong>vedenia a \u010fal\u0161ieho spracovania Datab\u00e1zy a v r\u00e1mci toho tie\u017e vyh\u013ead\u00e1vania vhodn\u00fdch kandid\u00e1tov na pr\u00e1cu u Spr\u00e1vcov alebo na in\u00fa formu spolupr\u00e1ce so Spr\u00e1vcami (\u010falej tie\u017e \u201e <strong>\u00da\u010del <\/strong>\u201c), ka\u017ed\u00fd zo Spr\u00e1vcov <strong>spracov\u00e1val moje osobn\u00e9 \u00fadaje v rozsahu <\/strong>: meno, priezvisko, d\u00e1tum narodenie, kontaktn\u00e9 \u00fadaje, \u00fadaje o dosiahnutom vzdelan\u00ed a predch\u00e1dzaj\u00facich pracovn\u00fdch sk\u00fasenostiach a \u010fal\u0161ie \u00fadaje uveden\u00e9 v mojom \u017eivotopise alebo v akomko\u013evek inom dokumente, ktor\u00fd som ktor\u00e9muko\u013evek zo Spr\u00e1vcov predlo\u017eil pri prejaven\u00ed z\u00e1ujmu o pr\u00e1cu alebo o in\u00fa formu spolupr\u00e1ce (\u010falej spolo\u010dne ako \u201e <strong>Osobn\u00e9 \u00fadaje <\/strong>\u201c)<\/p>\n\n\n\n<p>(\u010falej tie\u017e \u201e <strong>S\u00fahlas <\/strong>\u201c).<\/p>\n\n\n\n<p>V r\u00e1mci udelen\u00e9ho S\u00fahlasu s\u00fahlas\u00edm tie\u017e s t\u00fdm, aby Spr\u00e1vca, ktor\u00fd odo m\u0148a z\u00edskal Osobn\u00e9 \u00fadaje, poskytol Osobn\u00e9 \u00fadaje ostatn\u00fdm Spr\u00e1vcom identifikovan\u00fdm vy\u0161\u0161ie v tomto dokumente, na vy\u0161\u0161ie uveden\u00fd \u00da\u010del.<\/p>\n\n\n\n<p>Vy\u0161\u0161ie vyjadren\u00fd S\u00fahlas ude\u013eujem na dobu 5 rokov odo d\u0148a udelenia S\u00fahlasu (\u010falej tie\u017e \u201e <strong>Doba<\/strong> <strong>trvania <\/strong>\u201c).<\/p>\n\n\n\n<p>Udelen\u00edm tohto S\u00fahlasu tie\u017e potvrdzujem, \u017ee ma Spr\u00e1vcovia obozn\u00e1mili s podmienkami spracovania mojich Osobn\u00fdch \u00fadajov na z\u00e1klade tohto S\u00fahlasu, av r\u00e1mci toho najm\u00e4 s t\u00fdm, \u017ee:<\/p>\n\n\n\n<ul class=\"wp-block-list\">\n<li>Spr\u00e1vcovia pri spracovan\u00ed osobn\u00fdch \u00fadajov v zmysle GDPR s\u00fa Spr\u00e1vcovia, ako s\u00fa identifikovan\u00ed vy\u0161\u0161ie v tomto dokumente. Kontaktn\u00e1 adresa ka\u017ed\u00e9ho Spr\u00e1vcu je adresa jeho s\u00eddla;<\/li>\n\n\n\n<li>na z\u00e1klade tohto S\u00fahlasu bud\u00fa Spr\u00e1vcovia spracov\u00e1van\u00e9 moje Osobn\u00e9 \u00fadaje, v rozsahu, ako je uveden\u00e9 vy\u0161\u0161ie v tomto dokumente;<\/li>\n\n\n\n<li>Osobn\u00e9 \u00fadaje bud\u00fa na z\u00e1klade tohto S\u00fahlasu spracov\u00e1van\u00e9 pre \u00da\u010del, ako je tento definovan\u00fd vy\u0161\u0161ie v tomto dokumente;<\/li>\n\n\n\n<li>pr\u00e1vnym z\u00e1kladom spracovania Osobn\u00fdch \u00fadajov je m\u00f4j S\u00fahlas vyjadren\u00fd vy\u0161\u0161ie v tomto dokumente;<\/li>\n\n\n\n<li>Osobn\u00e9 \u00fadaje bud\u00fa na z\u00e1klade tohto S\u00fahlasu spracov\u00e1van\u00e9 do uplynutia Doby trvania, ako je t\u00e1to definovan\u00e1 vy\u0161\u0161ie v tomto dokumente, alebo do okamihu odvolania tohto S\u00fahlasu z mojej strany (pokia\u013e S\u00fahlas odvol\u00e1m pred uplynut\u00edm Doby trvania);<\/li>\n\n\n\n<li>Spr\u00e1vcovia s\u00fa opr\u00e1vnen\u00ed poskytn\u00fa\u0165 Osobn\u00e9 \u00fadaje pr\u00edjemcom. Kateg\u00f3riami pr\u00edjemcov s\u00fa najm\u00e4 spracovatelia Spr\u00e1vcov v zmysle GDPR, a to napr. spolo\u010dnosti zais\u0165uj\u00face IT podporu, spolo\u010dnosti zais\u0165uj\u00face poskytnutie IT rie\u0161en\u00ed a platformy a\/alebo pr\u00edslu\u0161n\u00e9 licencie (vr\u00e1tane spolo\u010dnost\u00ed zais\u0165uj\u00facich poskytnutie cloudov\u00fdch slu\u017eieb);<\/li>\n\n\n\n<li>spracovanie Osobn\u00fdch \u00fadajov na z\u00e1klade tohto S\u00fahlasu m\u00f4\u017ee zah\u0155\u0148a\u0165 r\u00f4zne spracovate\u013esk\u00e9 oper\u00e1cie s Osobn\u00fdmi \u00fadajmi, a to najm\u00e4 z\u00edskavanie, zaznamen\u00e1vanie, organizovanie, uchov\u00e1vanie, vyh\u013ead\u00e1vanie, prezeranie a vyu\u017e\u00edvanie Osobn\u00fdch \u00fadajov, a to automatizovan\u00fdmi i neautomatizovan\u00fdmi prostriedkami;<\/li>\n\n\n\n<li>v r\u00e1mci spracovania na z\u00e1klade tohto S\u00fahlasu m\u00f4\u017eu by\u0165 Osobn\u00e9 \u00fadaje pou\u017eit\u00e9 na profilovanie alebo na automatizovan\u00e9 rozhodovanie. V pr\u00edpade tak\u00e9ho spracovania Osobn\u00fdch \u00fadajov Spr\u00e1vca spln\u00ed pr\u00edpadn\u00e9 \u010fal\u0161ie aplikovate\u013en\u00e9 povinnosti vo vz\u0165ahu k Subjektu \u00fadajov pod\u013ea GDPR;<\/li>\n\n\n\n<li>Osobn\u00e9 \u00fadaje nebud\u00fa na z\u00e1klade tohto S\u00fahlasu pren\u00e1\u0161an\u00e9 do tret\u00edch kraj\u00edn (teda kraj\u00edn mimo Eur\u00f3pskej \u00fanie a Eur\u00f3psky hospod\u00e1rsky priestor) a ani do medzin\u00e1rodn\u00fdch organiz\u00e1ci\u00ed v zmysle GDPR;<\/li>\n\n\n\n<li>poskytnutie mojich Osobn\u00fdch \u00fadajov, ako aj udelenie tohto S\u00fahlasu, je dobrovo\u013en\u00e9. M\u00e1m pr\u00e1vo tento S\u00fahlas neudeli\u0165 alebo tento S\u00fahlas kedyko\u013evek odvola\u0165 p\u00edsomn\u00fdm ozn\u00e1men\u00edm doru\u010den\u00fdm Spr\u00e1vcom, resp. na kontaktn\u00fa adresu uveden\u00fa ni\u017e\u0161ie v tomto dokumente. Odvolan\u00edm tohto S\u00fahlasu nie je dotknut\u00e1 z\u00e1konnos\u0165 spracovania Osobn\u00fdch \u00fadajov v \u010dase pred jeho odvolan\u00edm; a<\/li>\n\n\n\n<li>v rozsahu a za podmienok ur\u010den\u00fdch GDPR m\u00e1m pr\u00e1vo po\u017eadova\u0165 od Spr\u00e1vcu pr\u00edstup k Osobn\u00fdm \u00fadajom (pozri \u010dl\u00e1nok 15 GDPR), ich opravu alebo v\u00fdmaz (pozri \u010dl\u00e1nky 16 a 17 GDPR), pr\u00edpadne obmedzenie ich spracovania (pozri \u010dl\u00e1nok 18 GDPR). V rozsahu a za podmienok ur\u010den\u00fdch GDPR m\u00e1m tie\u017e pr\u00e1vo na prenosite\u013enos\u0165 Osobn\u00fdch \u00fadajov (pozri \u010dl\u00e1nok 20 GDPR) a som opr\u00e1vnen\u00fd vznies\u0165 vo\u010di Spr\u00e1vcovi n\u00e1mietku proti spracovaniu Osobn\u00fdch \u00fadajov (pozri \u010dl\u00e1nok 21 GDPR). \u010ealej som opr\u00e1vnen\u00fd poda\u0165 s\u0165a\u017enos\u0165, resp. n\u00e1vrh na za\u010datie konania na dozornom org\u00e1ne, ktor\u00fdm je \u00darad na ochranu osobn\u00fdch \u00fadajov \u010ceskej republiky alebo \u00darad na ochranu osobn\u00fdch \u00fadajov Slovenskej republiky.<\/li>\n<\/ul>\n\n\n\n<p>Prehlasujem, \u017ee poskytnut\u00e9 Osobn\u00e9 \u00fadaje s\u00fa pravdiv\u00e9, aktu\u00e1lne a boli poskytnut\u00e9 slobodne.<\/p>\n\n\n\n<p>Ak\u00e9ko\u013evek ot\u00e1zky na spracovanie Osobn\u00fdch \u00fadajov, \u017eiadosti \u010di n\u00e1mietky oh\u013eadom spracovania Osobn\u00fdch \u00fadajov, ako aj vy\u0161\u0161ie uveden\u00e9 pr\u00e1va m\u00f4\u017ee Subjekt \u00fadajov uplatni\u0165 p\u00edsomne na adrese <strong>Profinit EU, s.r.o., Tychonova 270\/2, Hrad\u010dany, 160 00 Praha 6, \u010cesk\u00e1 republika <\/strong>. Pr\u00e1vo Subjektu \u00fadajov pod\u013ea \u010dl\u00e1nku 26 ods. 3 GDPR na uplatnenie svojich pr\u00e1v pod\u013ea GDPR u ka\u017ed\u00e9ho zo Spr\u00e1vcov a vo\u010di ka\u017ed\u00e9mu zo Spr\u00e1vcov pritom nie je predch\u00e1dzaj\u00facou vetou dotknut\u00e9.<\/p>\n\n\n\n<p>Subjekt \u00fadajov berie na vedomie, \u017ee Spr\u00e1vcovia bud\u00fa tento dokument, resp. dokument preukazuj\u00faci poskytnutie S\u00fahlasu uchov\u00e1va\u0165 na \u00fa\u010dely splnenia pr\u00e1vnej povinnosti by\u0165 schopn\u00ed dolo\u017ei\u0165, \u017ee Subjekt \u00fadajov udelil s\u00fahlas so spracovan\u00edm Osobn\u00fdch \u00fadajov.<\/p>\n\n\n\n<p>Subjekt \u00fadajov vyhlasuje, \u017ee tento S\u00fahlas bol poskytnut\u00fd Subjektom \u00fadajov slobodne a dobrovo\u013ene a \u017ee Subjektu \u00fadajov boli v s\u00favislosti s udelen\u00edm S\u00fahlasu poskytnut\u00e9 aj inform\u00e1cie o z\u00e1kladn\u00fdch \u010dastiach dohody Spr\u00e1vcov uveden\u00e9 v \u010dl\u00e1nku 26 ods. 1 GDPR, vz\u0165ahuj\u00face sa na spracovanie Osobn\u00fdch \u00fadajov na z\u00e1klade tohto S\u00fahlasu, a to v znen\u00ed uvedenom v pr\u00edlohe tohto S\u00fahlasu.<\/p>\n\n\n\n<p><strong><u>PR\u00cdLOHA S\u00daHLASU SO SPRACOVAN\u00cdM OSOBN\u00ddCH \u00daDAJOV<\/u><\/strong><\/p>\n\n\n\n<p>Z\u00e1kladn\u00e9 \u010dasti dohody Spr\u00e1vcov uveden\u00e9 v \u010dl\u00e1nku 26 ods. 1 GDPR<\/p>\n\n\n\n<p>Vo vz\u0165ahu k spolo\u010dn\u00e9mu spracovaniu na z\u00e1klade S\u00fahlasu so Spr\u00e1vcami dohodli nasledovne:<\/p>\n\n\n\n<ol class=\"wp-block-list\" type=\"1\" start=\"1\">\n<li>Ka\u017ed\u00fd zo Spr\u00e1vcov, ktor\u00fd v r\u00e1mci spolo\u010dn\u00e9ho spracovania na spolo\u010dne ur\u010den\u00fd \u00da\u010del z\u00edskava Osobn\u00e9 \u00fadaje od Subjektu \u00fadajov, je povinn\u00fd pri z\u00edskavan\u00ed Osobn\u00fdch \u00fadajov poskytn\u00fa\u0165 Subjektu \u00fadajov (i) inform\u00e1cie pod\u013ea \u010dl\u00e1nku 13 GDPR t\u00fdkaj\u00face sa spolo\u010dn\u00e9ho spracovania (pokia\u013e sa neuplat\u0148uje v\u00fdnimka pod\u013ea \u010dl\u00e1nku 4 GDPR), ako aj (ii) inform\u00e1cie o z\u00e1kladn\u00fdch \u010dastiach dohody Spr\u00e1vcov uveden\u00e9 v \u010dl\u00e1nku 26 ods. 1 GDPR<\/li>\n\n\n\n<li>Ka\u017ed\u00fd zo Spr\u00e1vcov, ktor\u00fd v r\u00e1mci spolo\u010dn\u00e9ho spracovania na spolo\u010dne ur\u010den\u00fd \u00da\u010del z\u00edskava Osobn\u00e9 \u00fadaje z in\u00e9ho zdroja ako od Subjektu \u00fadajov, je povinn\u00fd poskytn\u00fa\u0165 Subjektu \u00fadajov (i) inform\u00e1cie pod\u013ea \u010dl\u00e1nku 14 GDPR t\u00fdkaj\u00face sa spolo\u010dn\u00e9ho spracovania (pokia\u013e sa neuplat\u0148uje v\u00fdnimka pod\u013ea \u010dl\u00e1nku 5 GDPR), ako aj (ii) inform\u00e1cie o z\u00e1kladn\u00fdch \u010dastiach dohody Spr\u00e1vcov uveden\u00e9 v \u010dl\u00e1nku 26 ods. 1 GDPR;<\/li>\n\n\n\n<li>Spr\u00e1vcovia sa v\u017edy vz\u00e1jomne dohodn\u00fa na obsahu inform\u00e1ci\u00ed poskytovan\u00fdch Subjektom \u00fadajov pod\u013ea bodov 1. a 2. tejto pr\u00edlohy vo vz\u0165ahu k spolo\u010dn\u00e9mu spracovaniu, a to najm\u00e4 na obsahu inform\u00e1ci\u00ed t\u00fdkaj\u00facich sa \u00fa\u010delu spolo\u010dn\u00e9ho spracovania, pr\u00edjemcov Osobn\u00fdch \u00fadajov, doby uchov\u00e1vania Osobn\u00fdch \u00fadajov a pr\u00e1vneho z\u00e1kladu spolo\u010dn\u00e9ho. spracovanie;<\/li>\n\n\n\n<li>Spr\u00e1vcovia sa dohodli, \u017ee kontaktn\u00fdm miestom pre Subjekt \u00fadajov na \u00fa\u010dely uplatnenia jeho pr\u00e1v bude adresa s\u00eddla alebo in\u00fd kontaktn\u00fd \u00fadaj Spr\u00e1vcu 1 alebo zriaden\u00fd Spr\u00e1vcom 1, ktor\u00fd je uveden\u00fd v inform\u00e1ci\u00e1ch pre Subjekty pod\u013ea bodov 1. a 2. tejto pr\u00edlohy. Bez oh\u013eadu na to, \u010do je uveden\u00e9 v tomto bode 4., Subjekt \u00fadajov m\u00f4\u017ee v s\u00falade s \u010dl\u00e1nkom 26 ods. 3 GDPR uplatni\u0165 svoje pr\u00e1va pod\u013ea GDPR u ka\u017ed\u00e9ho zo Spr\u00e1vcov a vo\u010di ka\u017ed\u00e9mu zo Spr\u00e1vcov;<\/li>\n\n\n\n<li>\u017diados\u0165 Subjektu \u00fadajov, ktorou si Subjekt \u00fadajov uplatn\u00ed svoje pr\u00e1va pod\u013ea GDPR (\u010falej tie\u017e \u201e <strong>\u017diados\u0165 <\/strong>\u201c), vybav\u00ed ten Spr\u00e1vca, ktor\u00e9mu bola \u017diados\u0165 doru\u010den\u00e1. Spr\u00e1vca, ktor\u00e9mu bola \u017diados\u0165 doru\u010den\u00e1, \u017diados\u0165 zaeviduje a bezodkladne o jej doru\u010den\u00ed upovedom\u00ed ostatn\u00fdch Spr\u00e1vcov, a to aj s uveden\u00edm obsahu \u017diadosti. Pre \u00fa\u010dely riadneho a v\u010dasn\u00e9ho vybavenia \u017diadosti si Spr\u00e1vcovia pod\u013ea potreby vz\u00e1jomne poskytn\u00fa s\u00fa\u010dinnos\u0165;<\/li>\n\n\n\n<li>S\u00fahlas (doklad preukazuj\u00faci udelenie S\u00fahlasu) uchov\u00e1va ten Spr\u00e1vca, ktor\u00fd S\u00fahlas od Subjektu \u00fadajov z\u00edskal, a to minim\u00e1lne po dobu, na ktor\u00fa bol S\u00fahlas udelen\u00fd, pokia\u013e aplikovate\u013en\u00e9 pr\u00e1vne predpisy nestanovuj\u00fa dlh\u0161iu dobu uchov\u00e1vania;<\/li>\n\n\n\n<li>Ka\u017ed\u00fd Spr\u00e1vca zodpoved\u00e1 za bezpe\u010dn\u00e9 spracovanie Osobn\u00fdch \u00fadajov, ktor\u00fdmi disponuje. Prenos Osobn\u00fdch \u00fadajov medzi Spr\u00e1vcami prebieha elektronicky, p\u00edsomne alebo osobne;<\/li>\n\n\n\n<li>Ka\u017ed\u00fd Spr\u00e1vca je s\u00e1m zodpovedn\u00fd za udelenie pokynov a vykonanie v\u0161etk\u00fdch ostatn\u00fdch \u00fakonov (napr. uzavretie doh\u00f4d o ml\u010danlivosti a pod.) vo vz\u0165ahu k svojim vlastn\u00fdm zamestnancom, ktor\u00e9 s\u00fa pod\u013ea pr\u00e1vnych predpisov o ochrane osobn\u00fdch \u00fadajov potrebn\u00e9 v s\u00favislosti so spolo\u010dn\u00fdm spracovan\u00edm; a<\/li>\n\n\n\n<li>Pokia\u013e sa v r\u00e1mci spolo\u010dn\u00e9ho spracovania rozhodn\u00fa Spr\u00e1vcovia poveri\u0165 spracovan\u00edm osobn\u00fdch \u00fadajov Spracovate\u013ea, uzavr\u00fa Spr\u00e1vcovia s pr\u00edslu\u0161n\u00fdm Spracovate\u013eom zmluvu pod\u013ea \u010dl. 28 ods. 3 GDPR a v tejto zmluve okrem in\u00e9ho ur\u010dia, ktor\u00fd zo Spr\u00e1vcov bude ude\u013eova\u0165 Spracovate\u013eovi pokyny a vykon\u00e1va\u0165 \u010fal\u0161ie \u00fakony za Spr\u00e1vcu vo\u010di Spracovate\u013eovi.<\/li>\n<\/ol>\n","protected":false},"excerpt":{"rendered":"<p>pod\u013ea \u010dl\u00e1nku 6 ods. 1. p\u00edsm. a) a \u010dl\u00e1nku 7 nariadenia Eur\u00f3pskeho parlamentu a Rady (E\u00da) 2016\/679 z 27. apr\u00edla 2016 o ochrane fyzick\u00fdch os\u00f4b pri sprac\u00favan\u00ed osobn\u00fdch \u00fadajov a vo\u013enom pohybe tak\u00fdch \u00fadajov, ktor\u00fdm sa ru\u0161\u00ed smernica 95\/46\/ES (v\u0161eobecn\u00e9 nariadenie o ochrane \u00fadajov) ) (\u010falej tie\u017e \u201e GDPR \u201c) ODKLIKNUT\u00cdM TEJTO POLO\u017dKY AKO FYZICK\u00c1 [&hellip;]<\/p>\n","protected":false},"author":3,"featured_media":0,"parent":0,"menu_order":0,"comment_status":"closed","ping_status":"closed","template":"","meta":{"_acf_changed":false,"footnotes":"","_links_to":"","_links_to_target":""},"class_list":["post-20110","page","type-page","status-publish","hentry"],"acf":[],"_links":{"self":[{"href":"https:\/\/www.itspy.cz\/sk\/wp-json\/wp\/v2\/pages\/20110","targetHints":{"allow":["GET"]}}],"collection":[{"href":"https:\/\/www.itspy.cz\/sk\/wp-json\/wp\/v2\/pages"}],"about":[{"href":"https:\/\/www.itspy.cz\/sk\/wp-json\/wp\/v2\/types\/page"}],"author":[{"embeddable":true,"href":"https:\/\/www.itspy.cz\/sk\/wp-json\/wp\/v2\/users\/3"}],"replies":[{"embeddable":true,"href":"https:\/\/www.itspy.cz\/sk\/wp-json\/wp\/v2\/comments?post=20110"}],"version-history":[{"count":0,"href":"https:\/\/www.itspy.cz\/sk\/wp-json\/wp\/v2\/pages\/20110\/revisions"}],"wp:attachment":[{"href":"https:\/\/www.itspy.cz\/sk\/wp-json\/wp\/v2\/media?parent=20110"}],"curies":[{"name":"wp","href":"https:\/\/api.w.org\/{rel}","templated":true}]}}