{"id":18207,"date":"2022-06-20T15:11:34","date_gmt":"2022-06-20T13:11:34","guid":{"rendered":"https:\/\/www.itspy.cz\/kontakt\/"},"modified":"2024-03-15T13:31:01","modified_gmt":"2024-03-15T12:31:01","slug":"contact","status":"publish","type":"page","link":"https:\/\/www.itspy.cz\/en\/contact\/","title":{"rendered":"Contact"},"content":{"rendered":"\n<div class=\"wp-block-group alignfull has-white-background-color has-background\">\n<h1 class=\"wp-block-heading is-style-headline\">Contact form<\/h1>\n\n\n\n<p>Do you have any questions? Write to us and we will contact you as soon as possible.<\/p>\n\n\n<div class='fluentform ff-default fluentform_wrapper_8  ff_guten_block ff_guten_block-8 ffs_default_wrap'>    <link rel=\"stylesheet\" href=\"https:\/\/www.itspy.cz\/wp-content\/themes\/itspy\/assets\/css\/fluentform-99daf0149e.css\"\/>\n    <script><\/script>\n<form data-form_id=\"8\" id=\"fluentform_8\" class=\"frm-fluent-form fluent_form_8 ff-el-form-top ff_form_instance_8_1 ff-form-loading contact ff_has_v3_recptcha ffs_default\" data-form_instance=\"ff_form_instance_8_1\" method=\"POST\" data-recptcha_key=\"6LdPhbAqAAAAAMf5SA3ghpFitZslKS7PLT1kNuJK\" ><fieldset  style=\"border: none!important;margin: 0!important;padding: 0!important;background-color: transparent!important;box-shadow: none!important;outline: none!important; min-inline-size: 100%;\">\n                    <legend class=\"ff_screen_reader_title\" style=\"display: block; margin: 0!important;padding: 0!important;height: 0!important;text-indent: -999999px;width: 0!important;overflow:hidden;\">EN Kontakt<\/legend>        <div\n                style=\"display: none!important; position: absolute!important; transform: translateX(1000%)!important;\"\n                class=\"ff-el-group ff-hpsf-container\"\n        >\n            <div class=\"ff-el-input--label asterisk-right\">\n                <label for=\"ff_8_item_sf\" aria-label=\"Contact\">\n                    Contact                <\/label>\n            <\/div>\n            <div class=\"ff-el-input--content\">\n                <input type=\"text\"\n                       name=\"item_8__fluent_sf\"\n                       class=\"ff-el-form-control\"\n                       id=\"ff_8_item_sf\"\n                \/>\n            <\/div>\n        <\/div>\n        <input type='hidden' name='__fluent_form_embded_post_id' value='18207' \/><input type=\"hidden\" id=\"_fluentform_8_fluentformnonce\" name=\"_fluentform_8_fluentformnonce\" value=\"97cb3cfe74\" \/><input type=\"hidden\" name=\"_wp_http_referer\" value=\"\/en\/wp-json\/wp\/v2\/pages\/18207\" \/><div data-name=\"ff_cn_id_1\"  class='ff-t-container ff-column-container ff_columns_total_2 main'><div class='ff-t-cell ff-t-column-1' style='flex-basis: 50%;'><div data-type=\"name-element\" data-name=\"names\" class=\" ff-field_container ff-name-field-wrapper name\" ><div class='ff-t-container'><div class='ff-t-cell '><div class='ff-el-group  ff-el-form-top'><div class=\"ff-el-input--label ff-el-is-required asterisk-right\"><label for='ff_8_names_first_name_' id='label_ff_8_names_first_name_' >First name<\/label><\/div><div class='ff-el-input--content'><input type=\"text\" name=\"names[first_name]\" id=\"ff_8_names_first_name_\" class=\"ff-el-form-control\" placeholder=\"First name\" aria-invalid=\"false\" aria-required=true><\/div><\/div><\/div><div class='ff-t-cell '><div class='ff-el-group  ff-el-form-top'><div class=\"ff-el-input--label ff-el-is-required asterisk-right\"><label for='ff_8_names_last_name_' id='label_ff_8_names_last_name_' >Surname<\/label><\/div><div class='ff-el-input--content'><input type=\"text\" name=\"names[last_name]\" id=\"ff_8_names_last_name_\" class=\"ff-el-form-control\" placeholder=\"Surname\" aria-invalid=\"false\" aria-required=true><\/div><\/div><\/div><\/div><\/div><div class='ff-el-group mail'><div class=\"ff-el-input--label ff-el-is-required asterisk-right\"><label for='ff_8_email' id='label_ff_8_email' aria-label=\"E-mail\">E-mail<\/label><\/div><div class='ff-el-input--content'><input type=\"email\" name=\"email\" id=\"ff_8_email\" class=\"ff-el-form-control\" placeholder=\"E-mail\" data-name=\"email\"  aria-invalid=\"false\" aria-required=true><\/div><\/div><div class='ff-el-group phone'><div class=\"ff-el-input--label asterisk-right\"><label for='ff_8_phone' id='label_ff_8_phone' aria-label=\"Phone\">Phone<\/label><\/div><div class='ff-el-input--content'><input name=\"phone\" class=\"ff-el-form-control ff-el-phone\" type=\"tel\" placeholder=\"Telefon\" data-name=\"phone\" id=\"ff_8_phone\" inputmode=\"tel\"  aria-invalid='false' aria-required=false><\/div><\/div><\/div><div class='ff-t-cell ff-t-column-2' style='flex-basis: 50%;'><div class='ff-el-group'><div class=\"ff-el-input--label ff-el-is-required asterisk-right\"><label for='ff_8_description' id='label_ff_8_description' aria-label=\"Message\">Message<\/label><\/div><div class='ff-el-input--content'><textarea aria-required=\"true\" aria-labelledby=\"label_ff_8_description\" name=\"description\" id=\"ff_8_description\" class=\"ff-el-form-control\" placeholder=\"Message\" rows=\"3\" cols=\"20\" data-name=\"description\" ><\/textarea><\/div><\/div><\/div><\/div><div class='ff-el-group  ff-custom_html' tabindex='-1' data-name=\"custom_html-8_1\" ><p class=\"has-small-font-size\">The information you provide will only be used to contact you.<\/p><\/div><div class='ff-el-group ff-text-left ff_submit_btn_wrapper ff_submit_btn_wrapper_custom'><button class=\"ff-btn ff-btn-submit ff-btn-md button ff_btn_no_style\" type=\"submit\" name=\"custom_submit_button-8_2\" data-name=\"custom_submit_button-8_2\"  aria-label=\"Send\">Send<\/button><\/div><\/fieldset><\/form><div id='fluentform_8_errors' class='ff-errors-in-stack ff_form_instance_8_1 ff-form-loading_errors ff_form_instance_8_1_errors'><\/div><\/div>            <script type=\"text\/javascript\">\n                window.fluent_form_ff_form_instance_8_1 = {\"id\":\"8\",\"settings\":{\"layout\":{\"labelPlacement\":\"top\",\"helpMessagePlacement\":\"with_label\",\"errorMessagePlacement\":\"inline\",\"asteriskPlacement\":\"asterisk-right\"},\"restrictions\":{\"denyEmptySubmission\":{\"enabled\":false}}},\"form_instance\":\"ff_form_instance_8_1\",\"form_id_selector\":\"fluentform_8\",\"rules\":{\"names[first_name]\":{\"required\":{\"value\":true,\"message\":\"This field is required.\"}},\"names[middle_name]\":{\"required\":{\"value\":false,\"message\":\"This field is required\"}},\"names[last_name]\":{\"required\":{\"value\":true,\"message\":\"This field is required.\"}},\"email\":{\"required\":{\"value\":true,\"message\":\"This field is required.\"},\"email\":{\"value\":true,\"message\":\"This field must contain a valid email\"}},\"phone\":{\"required\":{\"value\":false,\"message\":\"This field is required\"},\"valid_phone_number\":{\"value\":false,\"message\":\"Phone number is not valid\"}},\"description\":{\"required\":{\"value\":true,\"message\":\"This field is required.\"}}},\"debounce_time\":300};\n                            <\/script>\n            <\/div>\n\n\n\n<div class=\"wp-block-group alignfull has-lightgray-background-color has-background\">\n<h2 class=\"wp-block-heading is-style-headline\">Contact<\/h2>\n\n\n\n<div class=\"wp-block-columns\">\n<div class=\"wp-block-column\">\n<h3 class=\"wp-block-heading\">Participation in the competition and applications<\/h3>\n\n\n\n<p><strong>Martin Tom\u00e1\u0161ek<\/strong><br>Faculty of Electrical Engineering and Informatics<br>Technical University of Ko\u0161ice<br>Email:\u00a0<a href=\"mailto:martin.tomasek@tuke.sk\">martin.tomasek@tuke.sk<\/a><\/p>\n<\/div>\n\n\n\n<div class=\"wp-block-column\">\n<h3 class=\"wp-block-heading\">Organisation of the competition<\/h3>\n\n\n\n<p><strong>Hana Drhovsk\u00e1<\/strong><br>Tychonova 2, 160 00 Prague 6<br>Phone: +420 602 411 236<br>E-mail:&nbsp;<a href=\"mailto:hana.drhovska@profinit.eu\">hana.drhovska@profinit.eu<\/a><\/p>\n<\/div>\n\n\n\n<div class=\"wp-block-column\">\n<h3 class=\"wp-block-heading\">Media<\/h3>\n\n\n\n<p><strong>Ale\u0161 Povr<\/strong><br>4INFO.CZ<br>Phone: +420 608 272 217<br>E-mail:&nbsp;<a href=\"mailto:ondrej@4info.cz\">ales@4info.cz<\/a><\/p>\n<\/div>\n<\/div>\n<\/div>\n","protected":false},"excerpt":{"rendered":"<p>Contact form Do you have any questions? Write to us and we will contact you as soon as possible. Contact Participation in the competition and applications Martin Tom\u00e1\u0161ekFaculty of Electrical Engineering and InformaticsTechnical University of Ko\u0161iceEmail:\u00a0martin.tomasek@tuke.sk Organisation of the competition Hana Drhovsk\u00e1Tychonova 2, 160 00 Prague 6Phone: +420 602 411 236E-mail:&nbsp;hana.drhovska@profinit.eu Media Ale\u0161 Povr4INFO.CZPhone: +420 [&hellip;]<\/p>\n","protected":false},"author":1,"featured_media":0,"parent":0,"menu_order":0,"comment_status":"closed","ping_status":"closed","template":"","meta":{"_acf_changed":false,"footnotes":"","_links_to":"","_links_to_target":""},"class_list":["post-18207","page","type-page","status-publish","hentry"],"acf":[],"_links":{"self":[{"href":"https:\/\/www.itspy.cz\/en\/wp-json\/wp\/v2\/pages\/18207","targetHints":{"allow":["GET"]}}],"collection":[{"href":"https:\/\/www.itspy.cz\/en\/wp-json\/wp\/v2\/pages"}],"about":[{"href":"https:\/\/www.itspy.cz\/en\/wp-json\/wp\/v2\/types\/page"}],"author":[{"embeddable":true,"href":"https:\/\/www.itspy.cz\/en\/wp-json\/wp\/v2\/users\/1"}],"replies":[{"embeddable":true,"href":"https:\/\/www.itspy.cz\/en\/wp-json\/wp\/v2\/comments?post=18207"}],"version-history":[{"count":0,"href":"https:\/\/www.itspy.cz\/en\/wp-json\/wp\/v2\/pages\/18207\/revisions"}],"wp:attachment":[{"href":"https:\/\/www.itspy.cz\/en\/wp-json\/wp\/v2\/media?parent=18207"}],"curies":[{"name":"wp","href":"https:\/\/api.w.org\/{rel}","templated":true}]}}